{"id":6780,"date":"2026-03-11T17:14:34","date_gmt":"2026-03-11T17:14:34","guid":{"rendered":"https:\/\/wramkiinasciane.pl\/?post_type=product&#038;p=6780"},"modified":"2026-04-04T19:21:55","modified_gmt":"2026-04-04T19:21:55","slug":"diabelska-sol-i-inne-bajki-ludowe-ksiazka","status":"publish","type":"product","link":"https:\/\/wramkiinasciane.pl\/index.php\/product\/diabelska-sol-i-inne-bajki-ludowe-ksiazka\/","title":{"rendered":"Diabelska s\u00f3l i inne bajki ludowe &#8211; ksi\u0105\u017cka"},"content":{"rendered":"<p>Autor: Wojciech Wid\u0142ak<\/p>\n<p>Ilustracje: Aleksandra Michalska-Szwagierczak<\/p>\n<p>Wydawca: Narodowy Instytut Kultury i Dziedzictwa Wsi<\/p>\n<p>Zbi\u00f3r pi\u0119knych i oryginalnych bajek zebranych od bajarzy z regiony \u015bwi\u0119tokrzyskiego. Opr\u00f3cz bajek tomik zawiera gar\u015b\u0107 informacji o regionie, s\u0142owniczki oraz kody QR prowadz\u0105ce do nagra\u0144 autentycznych opowiada\u0144 w gwarze ludowej.<\/p>\n<p>Na \u017cyczenie &#8211; autograf lub imienna dedykacja od ilustratorki.<\/p>\n<p>&nbsp;<\/p>\n","protected":false},"excerpt":{"rendered":"<p>Autor: Wojciech Wid\u0142ak Ilustracje: Aleksandra Michalska-Szwagierczak Wydawca: Narodowy Instytut Kultury i Dziedzictwa Wsi Zbi\u00f3r pi\u0119knych i oryginalnych bajek zebranych od bajarzy z regiony \u015bwi\u0119tokrzyskiego. Opr\u00f3cz bajek tomik zawiera gar\u015b\u0107 informacji o regionie, s\u0142owniczki oraz kody QR prowadz\u0105ce do nagra\u0144 autentycznych opowiada\u0144 w gwarze ludowej. Na \u017cyczenie &#8211; autograf lub imienna dedykacja od ilustratorki. &nbsp;<\/p>\n","protected":false},"featured_media":6781,"template":"","meta":{"site-sidebar-layout":"default","site-content-layout":"","ast-site-content-layout":"default","site-content-style":"default","site-sidebar-style":"default","ast-global-header-display":"","ast-banner-title-visibility":"","ast-main-header-display":"","ast-hfb-above-header-display":"","ast-hfb-below-header-display":"","ast-hfb-mobile-header-display":"","site-post-title":"","ast-breadcrumbs-content":"","ast-featured-img":"","footer-sml-layout":"","theme-transparent-header-meta":"default","adv-header-id-meta":"","stick-header-meta":"","header-above-stick-meta":"","header-main-stick-meta":"","header-below-stick-meta":"","astra-migrate-meta-layouts":"set","ast-page-background-enabled":"default","ast-page-background-meta":{"desktop":{"background-color":"","background-image":"","background-repeat":"repeat","background-position":"center center","background-size":"auto","background-attachment":"scroll","background-type":"","background-media":"","overlay-type":"","overlay-color":"","overlay-opacity":"","overlay-gradient":""},"tablet":{"background-color":"","background-image":"","background-repeat":"repeat","background-position":"center center","background-size":"auto","background-attachment":"scroll","background-type":"","background-media":"","overlay-type":"","overlay-color":"","overlay-opacity":"","overlay-gradient":""},"mobile":{"background-color":"","background-image":"","background-repeat":"repeat","background-position":"center center","background-size":"auto","background-attachment":"scroll","background-type":"","background-media":"","overlay-type":"","overlay-color":"","overlay-opacity":"","overlay-gradient":""}},"ast-content-background-meta":{"desktop":{"background-color":"var(--ast-global-color-5)","background-image":"","background-repeat":"repeat","background-position":"center center","background-size":"auto","background-attachment":"scroll","background-type":"","background-media":"","overlay-type":"","overlay-color":"","overlay-opacity":"","overlay-gradient":""},"tablet":{"background-color":"var(--ast-global-color-5)","background-image":"","background-repeat":"repeat","background-position":"center center","background-size":"auto","background-attachment":"scroll","background-type":"","background-media":"","overlay-type":"","overlay-color":"","overlay-opacity":"","overlay-gradient":""},"mobile":{"background-color":"var(--ast-global-color-5)","background-image":"","background-repeat":"repeat","background-position":"center center","background-size":"auto","background-attachment":"scroll","background-type":"","background-media":"","overlay-type":"","overlay-color":"","overlay-opacity":"","overlay-gradient":""}}},"product_brand":[],"product_cat":[96],"product_tag":[],"class_list":{"0":"post-6780","1":"product","2":"type-product","3":"status-publish","4":"has-post-thumbnail","6":"product_cat-ksiazki","7":"desktop-align-left","8":"tablet-align-left","9":"mobile-align-left","11":"first","12":"instock","13":"shipping-taxable","14":"purchasable","15":"product-type-simple"},"yoast_head":"<!-- This site is optimized with the Yoast SEO plugin v25.6 - https:\/\/yoast.com\/wordpress\/plugins\/seo\/ -->\n<title>Diabelska s\u00f3l i inne bajki ludowe - ksi\u0105\u017cka - W ramki i na \u015bcian\u0119<\/title>\n<meta name=\"robots\" content=\"index, follow, max-snippet:-1, max-image-preview:large, max-video-preview:-1\" \/>\n<link rel=\"canonical\" href=\"https:\/\/wramkiinasciane.pl\/index.php\/product\/diabelska-sol-i-inne-bajki-ludowe-ksiazka\/\" \/>\n<meta property=\"og:locale\" content=\"pl_PL\" \/>\n<meta property=\"og:type\" content=\"article\" \/>\n<meta property=\"og:title\" content=\"Diabelska s\u00f3l i inne bajki ludowe - ksi\u0105\u017cka - W ramki i na \u015bcian\u0119\" \/>\n<meta property=\"og:description\" content=\"Autor: Wojciech Wid\u0142ak Ilustracje: Aleksandra Michalska-Szwagierczak Wydawca: Narodowy Instytut Kultury i Dziedzictwa Wsi Zbi\u00f3r pi\u0119knych i oryginalnych bajek zebranych od bajarzy z regiony \u015bwi\u0119tokrzyskiego. Opr\u00f3cz bajek tomik zawiera gar\u015b\u0107 informacji o regionie, s\u0142owniczki oraz kody QR prowadz\u0105ce do nagra\u0144 autentycznych opowiada\u0144 w gwarze ludowej. Na \u017cyczenie &#8211; autograf lub imienna dedykacja od ilustratorki. &nbsp;\" \/>\n<meta property=\"og:url\" content=\"https:\/\/wramkiinasciane.pl\/index.php\/product\/diabelska-sol-i-inne-bajki-ludowe-ksiazka\/\" \/>\n<meta property=\"og:site_name\" content=\"W ramki i na \u015bcian\u0119\" \/>\n<meta property=\"article:publisher\" content=\"https:\/\/www.facebook.com\/W-ramki-i-na-%c5%9bcian%c4%99-110733677416536\" \/>\n<meta property=\"article:modified_time\" content=\"2026-04-04T19:21:55+00:00\" \/>\n<meta property=\"og:image\" content=\"https:\/\/wramkiinasciane.pl\/wp-content\/uploads\/2026\/03\/IMG_0543-scaled.jpeg\" \/>\n\t<meta property=\"og:image:width\" content=\"2560\" \/>\n\t<meta property=\"og:image:height\" content=\"2215\" \/>\n\t<meta property=\"og:image:type\" content=\"image\/jpeg\" \/>\n<meta name=\"twitter:card\" content=\"summary_large_image\" \/>\n<meta name=\"twitter:label1\" content=\"Szacowany czas czytania\" \/>\n\t<meta name=\"twitter:data1\" content=\"1 minuta\" \/>\n<script type=\"application\/ld+json\" class=\"yoast-schema-graph\">{\"@context\":\"https:\/\/schema.org\",\"@graph\":[{\"@type\":\"WebPage\",\"@id\":\"https:\/\/wramkiinasciane.pl\/index.php\/product\/diabelska-sol-i-inne-bajki-ludowe-ksiazka\/\",\"url\":\"https:\/\/wramkiinasciane.pl\/index.php\/product\/diabelska-sol-i-inne-bajki-ludowe-ksiazka\/\",\"name\":\"Diabelska s\u00f3l i inne bajki ludowe - ksi\u0105\u017cka - W ramki i na \u015bcian\u0119\",\"isPartOf\":{\"@id\":\"https:\/\/wramkiinasciane.pl\/#website\"},\"primaryImageOfPage\":{\"@id\":\"https:\/\/wramkiinasciane.pl\/index.php\/product\/diabelska-sol-i-inne-bajki-ludowe-ksiazka\/#primaryimage\"},\"image\":{\"@id\":\"https:\/\/wramkiinasciane.pl\/index.php\/product\/diabelska-sol-i-inne-bajki-ludowe-ksiazka\/#primaryimage\"},\"thumbnailUrl\":\"https:\/\/wramkiinasciane.pl\/wp-content\/uploads\/2026\/03\/IMG_0543-scaled.jpeg\",\"datePublished\":\"2026-03-11T17:14:34+00:00\",\"dateModified\":\"2026-04-04T19:21:55+00:00\",\"breadcrumb\":{\"@id\":\"https:\/\/wramkiinasciane.pl\/index.php\/product\/diabelska-sol-i-inne-bajki-ludowe-ksiazka\/#breadcrumb\"},\"inLanguage\":\"pl-PL\",\"potentialAction\":[{\"@type\":\"ReadAction\",\"target\":[\"https:\/\/wramkiinasciane.pl\/index.php\/product\/diabelska-sol-i-inne-bajki-ludowe-ksiazka\/\"]}]},{\"@type\":\"ImageObject\",\"inLanguage\":\"pl-PL\",\"@id\":\"https:\/\/wramkiinasciane.pl\/index.php\/product\/diabelska-sol-i-inne-bajki-ludowe-ksiazka\/#primaryimage\",\"url\":\"https:\/\/wramkiinasciane.pl\/wp-content\/uploads\/2026\/03\/IMG_0543-scaled.jpeg\",\"contentUrl\":\"https:\/\/wramkiinasciane.pl\/wp-content\/uploads\/2026\/03\/IMG_0543-scaled.jpeg\",\"width\":2560,\"height\":2215},{\"@type\":\"BreadcrumbList\",\"@id\":\"https:\/\/wramkiinasciane.pl\/index.php\/product\/diabelska-sol-i-inne-bajki-ludowe-ksiazka\/#breadcrumb\",\"itemListElement\":[{\"@type\":\"ListItem\",\"position\":1,\"name\":\"Strona g\u0142\u00f3wna\",\"item\":\"https:\/\/wramkiinasciane.pl\/\"},{\"@type\":\"ListItem\",\"position\":2,\"name\":\"Sklep\",\"item\":\"https:\/\/wramkiinasciane.pl\/index.php\/sklep\/\"},{\"@type\":\"ListItem\",\"position\":3,\"name\":\"Diabelska s\u00f3l i inne bajki ludowe &#8211; ksi\u0105\u017cka\"}]},{\"@type\":\"WebSite\",\"@id\":\"https:\/\/wramkiinasciane.pl\/#website\",\"url\":\"https:\/\/wramkiinasciane.pl\/\",\"name\":\"W ramki i na \u015bcian\u0119\",\"description\":\"Just another WordPress site\",\"publisher\":{\"@id\":\"https:\/\/wramkiinasciane.pl\/#organization\"},\"potentialAction\":[{\"@type\":\"SearchAction\",\"target\":{\"@type\":\"EntryPoint\",\"urlTemplate\":\"https:\/\/wramkiinasciane.pl\/?s={search_term_string}\"},\"query-input\":{\"@type\":\"PropertyValueSpecification\",\"valueRequired\":true,\"valueName\":\"search_term_string\"}}],\"inLanguage\":\"pl-PL\"},{\"@type\":\"Organization\",\"@id\":\"https:\/\/wramkiinasciane.pl\/#organization\",\"name\":\"W ramki i na \u015bcian\u0119\",\"url\":\"https:\/\/wramkiinasciane.pl\/\",\"logo\":{\"@type\":\"ImageObject\",\"inLanguage\":\"pl-PL\",\"@id\":\"https:\/\/wramkiinasciane.pl\/#\/schema\/logo\/image\/\",\"url\":\"https:\/\/wramkiinasciane.pl\/wp-content\/uploads\/2020\/07\/nasze-logo.jpg\",\"contentUrl\":\"https:\/\/wramkiinasciane.pl\/wp-content\/uploads\/2020\/07\/nasze-logo.jpg\",\"width\":1270,\"height\":1005,\"caption\":\"W ramki i na \u015bcian\u0119\"},\"image\":{\"@id\":\"https:\/\/wramkiinasciane.pl\/#\/schema\/logo\/image\/\"},\"sameAs\":[\"https:\/\/www.facebook.com\/W-ramki-i-na-\u015bcian\u0119-110733677416536\",\"https:\/\/www.instagram.com\/w_ramki_i_na_sciane\/\"]}]}<\/script>\n<!-- \/ Yoast SEO plugin. -->","yoast_head_json":{"title":"Diabelska s\u00f3l i inne bajki ludowe - ksi\u0105\u017cka - W ramki i na \u015bcian\u0119","robots":{"index":"index","follow":"follow","max-snippet":"max-snippet:-1","max-image-preview":"max-image-preview:large","max-video-preview":"max-video-preview:-1"},"canonical":"https:\/\/wramkiinasciane.pl\/index.php\/product\/diabelska-sol-i-inne-bajki-ludowe-ksiazka\/","og_locale":"pl_PL","og_type":"article","og_title":"Diabelska s\u00f3l i inne bajki ludowe - ksi\u0105\u017cka - W ramki i na \u015bcian\u0119","og_description":"Autor: Wojciech Wid\u0142ak Ilustracje: Aleksandra Michalska-Szwagierczak Wydawca: Narodowy Instytut Kultury i Dziedzictwa Wsi Zbi\u00f3r pi\u0119knych i oryginalnych bajek zebranych od bajarzy z regiony \u015bwi\u0119tokrzyskiego. Opr\u00f3cz bajek tomik zawiera gar\u015b\u0107 informacji o regionie, s\u0142owniczki oraz kody QR prowadz\u0105ce do nagra\u0144 autentycznych opowiada\u0144 w gwarze ludowej. Na \u017cyczenie &#8211; autograf lub imienna dedykacja od ilustratorki. &nbsp;","og_url":"https:\/\/wramkiinasciane.pl\/index.php\/product\/diabelska-sol-i-inne-bajki-ludowe-ksiazka\/","og_site_name":"W ramki i na \u015bcian\u0119","article_publisher":"https:\/\/www.facebook.com\/W-ramki-i-na-%c5%9bcian%c4%99-110733677416536","article_modified_time":"2026-04-04T19:21:55+00:00","og_image":[{"width":2560,"height":2215,"url":"https:\/\/wramkiinasciane.pl\/wp-content\/uploads\/2026\/03\/IMG_0543-scaled.jpeg","type":"image\/jpeg"}],"twitter_card":"summary_large_image","twitter_misc":{"Szacowany czas czytania":"1 minuta"},"schema":{"@context":"https:\/\/schema.org","@graph":[{"@type":"WebPage","@id":"https:\/\/wramkiinasciane.pl\/index.php\/product\/diabelska-sol-i-inne-bajki-ludowe-ksiazka\/","url":"https:\/\/wramkiinasciane.pl\/index.php\/product\/diabelska-sol-i-inne-bajki-ludowe-ksiazka\/","name":"Diabelska s\u00f3l i inne bajki ludowe - ksi\u0105\u017cka - W ramki i na \u015bcian\u0119","isPartOf":{"@id":"https:\/\/wramkiinasciane.pl\/#website"},"primaryImageOfPage":{"@id":"https:\/\/wramkiinasciane.pl\/index.php\/product\/diabelska-sol-i-inne-bajki-ludowe-ksiazka\/#primaryimage"},"image":{"@id":"https:\/\/wramkiinasciane.pl\/index.php\/product\/diabelska-sol-i-inne-bajki-ludowe-ksiazka\/#primaryimage"},"thumbnailUrl":"https:\/\/wramkiinasciane.pl\/wp-content\/uploads\/2026\/03\/IMG_0543-scaled.jpeg","datePublished":"2026-03-11T17:14:34+00:00","dateModified":"2026-04-04T19:21:55+00:00","breadcrumb":{"@id":"https:\/\/wramkiinasciane.pl\/index.php\/product\/diabelska-sol-i-inne-bajki-ludowe-ksiazka\/#breadcrumb"},"inLanguage":"pl-PL","potentialAction":[{"@type":"ReadAction","target":["https:\/\/wramkiinasciane.pl\/index.php\/product\/diabelska-sol-i-inne-bajki-ludowe-ksiazka\/"]}]},{"@type":"ImageObject","inLanguage":"pl-PL","@id":"https:\/\/wramkiinasciane.pl\/index.php\/product\/diabelska-sol-i-inne-bajki-ludowe-ksiazka\/#primaryimage","url":"https:\/\/wramkiinasciane.pl\/wp-content\/uploads\/2026\/03\/IMG_0543-scaled.jpeg","contentUrl":"https:\/\/wramkiinasciane.pl\/wp-content\/uploads\/2026\/03\/IMG_0543-scaled.jpeg","width":2560,"height":2215},{"@type":"BreadcrumbList","@id":"https:\/\/wramkiinasciane.pl\/index.php\/product\/diabelska-sol-i-inne-bajki-ludowe-ksiazka\/#breadcrumb","itemListElement":[{"@type":"ListItem","position":1,"name":"Strona g\u0142\u00f3wna","item":"https:\/\/wramkiinasciane.pl\/"},{"@type":"ListItem","position":2,"name":"Sklep","item":"https:\/\/wramkiinasciane.pl\/index.php\/sklep\/"},{"@type":"ListItem","position":3,"name":"Diabelska s\u00f3l i inne bajki ludowe &#8211; ksi\u0105\u017cka"}]},{"@type":"WebSite","@id":"https:\/\/wramkiinasciane.pl\/#website","url":"https:\/\/wramkiinasciane.pl\/","name":"W ramki i na \u015bcian\u0119","description":"Just another WordPress site","publisher":{"@id":"https:\/\/wramkiinasciane.pl\/#organization"},"potentialAction":[{"@type":"SearchAction","target":{"@type":"EntryPoint","urlTemplate":"https:\/\/wramkiinasciane.pl\/?s={search_term_string}"},"query-input":{"@type":"PropertyValueSpecification","valueRequired":true,"valueName":"search_term_string"}}],"inLanguage":"pl-PL"},{"@type":"Organization","@id":"https:\/\/wramkiinasciane.pl\/#organization","name":"W ramki i na \u015bcian\u0119","url":"https:\/\/wramkiinasciane.pl\/","logo":{"@type":"ImageObject","inLanguage":"pl-PL","@id":"https:\/\/wramkiinasciane.pl\/#\/schema\/logo\/image\/","url":"https:\/\/wramkiinasciane.pl\/wp-content\/uploads\/2020\/07\/nasze-logo.jpg","contentUrl":"https:\/\/wramkiinasciane.pl\/wp-content\/uploads\/2020\/07\/nasze-logo.jpg","width":1270,"height":1005,"caption":"W ramki i na \u015bcian\u0119"},"image":{"@id":"https:\/\/wramkiinasciane.pl\/#\/schema\/logo\/image\/"},"sameAs":["https:\/\/www.facebook.com\/W-ramki-i-na-\u015bcian\u0119-110733677416536","https:\/\/www.instagram.com\/w_ramki_i_na_sciane\/"]}]}},"jetpack_sharing_enabled":true,"_links":{"self":[{"href":"https:\/\/wramkiinasciane.pl\/index.php\/wp-json\/wp\/v2\/product\/6780"}],"collection":[{"href":"https:\/\/wramkiinasciane.pl\/index.php\/wp-json\/wp\/v2\/product"}],"about":[{"href":"https:\/\/wramkiinasciane.pl\/index.php\/wp-json\/wp\/v2\/types\/product"}],"version-history":[{"count":1,"href":"https:\/\/wramkiinasciane.pl\/index.php\/wp-json\/wp\/v2\/product\/6780\/revisions"}],"predecessor-version":[{"id":6787,"href":"https:\/\/wramkiinasciane.pl\/index.php\/wp-json\/wp\/v2\/product\/6780\/revisions\/6787"}],"wp:featuredmedia":[{"embeddable":true,"href":"https:\/\/wramkiinasciane.pl\/index.php\/wp-json\/wp\/v2\/media\/6781"}],"wp:attachment":[{"href":"https:\/\/wramkiinasciane.pl\/index.php\/wp-json\/wp\/v2\/media?parent=6780"}],"wp:term":[{"taxonomy":"product_brand","embeddable":true,"href":"https:\/\/wramkiinasciane.pl\/index.php\/wp-json\/wp\/v2\/product_brand?post=6780"},{"taxonomy":"product_cat","embeddable":true,"href":"https:\/\/wramkiinasciane.pl\/index.php\/wp-json\/wp\/v2\/product_cat?post=6780"},{"taxonomy":"product_tag","embeddable":true,"href":"https:\/\/wramkiinasciane.pl\/index.php\/wp-json\/wp\/v2\/product_tag?post=6780"}],"curies":[{"name":"wp","href":"https:\/\/api.w.org\/{rel}","templated":true}]}}