{"id":6101,"date":"2022-09-10T08:05:20","date_gmt":"2022-09-10T08:05:20","guid":{"rendered":"https:\/\/wramkiinasciane.pl\/?post_type=product&#038;p=6101"},"modified":"2024-12-05T12:28:45","modified_gmt":"2024-12-05T12:28:45","slug":"elzbieta-wasiuczynska-01-czarnuszka","status":"publish","type":"product","link":"https:\/\/wramkiinasciane.pl\/index.php\/product\/elzbieta-wasiuczynska-01-czarnuszka\/","title":{"rendered":"El\u017cbieta Wasiuczy\u0144ska 01&#8243;Czarnuszka&#8221;"},"content":{"rendered":"<p>Wysokiej jako\u015bci wydruk\u00a0\u00a0<strong>bez oprawy\u00a0<\/strong>dost\u0119pny w trzech rozmiarach<\/p>\n","protected":false},"excerpt":{"rendered":"<p>Wysokiej jako\u015bci wydruk\u00a0\u00a0bez oprawy\u00a0dost\u0119pny w trzech rozmiarach<\/p>\n","protected":false},"featured_media":6047,"template":"","meta":{"site-sidebar-layout":"default","site-content-layout":"default","ast-site-content-layout":"","site-content-style":"default","site-sidebar-style":"default","ast-global-header-display":"","ast-banner-title-visibility":"","ast-main-header-display":"","ast-hfb-above-header-display":"","ast-hfb-below-header-display":"","ast-hfb-mobile-header-display":"","site-post-title":"","ast-breadcrumbs-content":"","ast-featured-img":"","footer-sml-layout":"","theme-transparent-header-meta":"default","adv-header-id-meta":"","stick-header-meta":"","header-above-stick-meta":"","header-main-stick-meta":"","header-below-stick-meta":"","astra-migrate-meta-layouts":"default","ast-page-background-enabled":"default","ast-page-background-meta":{"desktop":{"background-color":"","background-image":"","background-repeat":"repeat","background-position":"center center","background-size":"auto","background-attachment":"scroll","background-type":"","background-media":"","overlay-type":"","overlay-color":"","overlay-opacity":"","overlay-gradient":""},"tablet":{"background-color":"","background-image":"","background-repeat":"repeat","background-position":"center center","background-size":"auto","background-attachment":"scroll","background-type":"","background-media":"","overlay-type":"","overlay-color":"","overlay-opacity":"","overlay-gradient":""},"mobile":{"background-color":"","background-image":"","background-repeat":"repeat","background-position":"center center","background-size":"auto","background-attachment":"scroll","background-type":"","background-media":"","overlay-type":"","overlay-color":"","overlay-opacity":"","overlay-gradient":""}},"ast-content-background-meta":{"desktop":{"background-color":"var(--ast-global-color-5)","background-image":"","background-repeat":"repeat","background-position":"center center","background-size":"auto","background-attachment":"scroll","background-type":"","background-media":"","overlay-type":"","overlay-color":"","overlay-opacity":"","overlay-gradient":""},"tablet":{"background-color":"var(--ast-global-color-5)","background-image":"","background-repeat":"repeat","background-position":"center center","background-size":"auto","background-attachment":"scroll","background-type":"","background-media":"","overlay-type":"","overlay-color":"","overlay-opacity":"","overlay-gradient":""},"mobile":{"background-color":"var(--ast-global-color-5)","background-image":"","background-repeat":"repeat","background-position":"center center","background-size":"auto","background-attachment":"scroll","background-type":"","background-media":"","overlay-type":"","overlay-color":"","overlay-opacity":"","overlay-gradient":""}}},"product_brand":[],"product_cat":[54,99],"product_tag":[],"class_list":{"0":"post-6101","1":"product","2":"type-product","3":"status-publish","4":"has-post-thumbnail","6":"product_cat-wydruki-ilustracji","7":"product_cat-plakat","8":"desktop-align-left","9":"tablet-align-left","10":"mobile-align-left","12":"first","13":"instock","14":"shipping-taxable","15":"purchasable","16":"product-type-variable","17":"rtwpvs-product"},"yoast_head":"<!-- This site is optimized with the Yoast SEO plugin v25.6 - https:\/\/yoast.com\/wordpress\/plugins\/seo\/ -->\n<title>El\u017cbieta Wasiuczy\u0144ska 01&quot;Czarnuszka&quot; - W ramki i na \u015bcian\u0119<\/title>\n<meta name=\"robots\" content=\"index, follow, max-snippet:-1, max-image-preview:large, max-video-preview:-1\" \/>\n<link rel=\"canonical\" href=\"https:\/\/wramkiinasciane.pl\/index.php\/product\/elzbieta-wasiuczynska-01-czarnuszka\/\" \/>\n<meta property=\"og:locale\" content=\"pl_PL\" \/>\n<meta property=\"og:type\" content=\"article\" \/>\n<meta property=\"og:title\" content=\"El\u017cbieta Wasiuczy\u0144ska 01&quot;Czarnuszka&quot; - W ramki i na \u015bcian\u0119\" \/>\n<meta property=\"og:description\" content=\"Wysokiej jako\u015bci wydruk\u00a0\u00a0bez oprawy\u00a0dost\u0119pny w trzech rozmiarach\" \/>\n<meta property=\"og:url\" content=\"https:\/\/wramkiinasciane.pl\/index.php\/product\/elzbieta-wasiuczynska-01-czarnuszka\/\" \/>\n<meta property=\"og:site_name\" content=\"W ramki i na \u015bcian\u0119\" \/>\n<meta property=\"article:publisher\" content=\"https:\/\/www.facebook.com\/W-ramki-i-na-%c5%9bcian%c4%99-110733677416536\" \/>\n<meta property=\"article:modified_time\" content=\"2024-12-05T12:28:45+00:00\" \/>\n<meta property=\"og:image\" content=\"https:\/\/wramkiinasciane.pl\/wp-content\/uploads\/2022\/09\/czarnuszka-30x40_SolutionVelvet-kopia.jpg\" \/>\n\t<meta property=\"og:image:width\" content=\"850\" \/>\n\t<meta property=\"og:image:height\" content=\"1134\" \/>\n\t<meta property=\"og:image:type\" content=\"image\/jpeg\" \/>\n<meta name=\"twitter:card\" content=\"summary_large_image\" \/>\n<meta name=\"twitter:label1\" content=\"Szacowany czas czytania\" \/>\n\t<meta name=\"twitter:data1\" content=\"1 minuta\" \/>\n<script type=\"application\/ld+json\" class=\"yoast-schema-graph\">{\"@context\":\"https:\/\/schema.org\",\"@graph\":[{\"@type\":\"WebPage\",\"@id\":\"https:\/\/wramkiinasciane.pl\/index.php\/product\/elzbieta-wasiuczynska-01-czarnuszka\/\",\"url\":\"https:\/\/wramkiinasciane.pl\/index.php\/product\/elzbieta-wasiuczynska-01-czarnuszka\/\",\"name\":\"El\u017cbieta Wasiuczy\u0144ska 01\\\"Czarnuszka\\\" - W ramki i na \u015bcian\u0119\",\"isPartOf\":{\"@id\":\"https:\/\/wramkiinasciane.pl\/#website\"},\"primaryImageOfPage\":{\"@id\":\"https:\/\/wramkiinasciane.pl\/index.php\/product\/elzbieta-wasiuczynska-01-czarnuszka\/#primaryimage\"},\"image\":{\"@id\":\"https:\/\/wramkiinasciane.pl\/index.php\/product\/elzbieta-wasiuczynska-01-czarnuszka\/#primaryimage\"},\"thumbnailUrl\":\"https:\/\/wramkiinasciane.pl\/wp-content\/uploads\/2022\/09\/czarnuszka-30x40_SolutionVelvet-kopia.jpg\",\"datePublished\":\"2022-09-10T08:05:20+00:00\",\"dateModified\":\"2024-12-05T12:28:45+00:00\",\"breadcrumb\":{\"@id\":\"https:\/\/wramkiinasciane.pl\/index.php\/product\/elzbieta-wasiuczynska-01-czarnuszka\/#breadcrumb\"},\"inLanguage\":\"pl-PL\",\"potentialAction\":[{\"@type\":\"ReadAction\",\"target\":[\"https:\/\/wramkiinasciane.pl\/index.php\/product\/elzbieta-wasiuczynska-01-czarnuszka\/\"]}]},{\"@type\":\"ImageObject\",\"inLanguage\":\"pl-PL\",\"@id\":\"https:\/\/wramkiinasciane.pl\/index.php\/product\/elzbieta-wasiuczynska-01-czarnuszka\/#primaryimage\",\"url\":\"https:\/\/wramkiinasciane.pl\/wp-content\/uploads\/2022\/09\/czarnuszka-30x40_SolutionVelvet-kopia.jpg\",\"contentUrl\":\"https:\/\/wramkiinasciane.pl\/wp-content\/uploads\/2022\/09\/czarnuszka-30x40_SolutionVelvet-kopia.jpg\",\"width\":850,\"height\":1134},{\"@type\":\"BreadcrumbList\",\"@id\":\"https:\/\/wramkiinasciane.pl\/index.php\/product\/elzbieta-wasiuczynska-01-czarnuszka\/#breadcrumb\",\"itemListElement\":[{\"@type\":\"ListItem\",\"position\":1,\"name\":\"Strona g\u0142\u00f3wna\",\"item\":\"https:\/\/wramkiinasciane.pl\/\"},{\"@type\":\"ListItem\",\"position\":2,\"name\":\"Sklep\",\"item\":\"https:\/\/wramkiinasciane.pl\/index.php\/sklep\/\"},{\"@type\":\"ListItem\",\"position\":3,\"name\":\"El\u017cbieta Wasiuczy\u0144ska 01&#8243;Czarnuszka&#8221;\"}]},{\"@type\":\"WebSite\",\"@id\":\"https:\/\/wramkiinasciane.pl\/#website\",\"url\":\"https:\/\/wramkiinasciane.pl\/\",\"name\":\"W ramki i na \u015bcian\u0119\",\"description\":\"Just another WordPress site\",\"publisher\":{\"@id\":\"https:\/\/wramkiinasciane.pl\/#organization\"},\"potentialAction\":[{\"@type\":\"SearchAction\",\"target\":{\"@type\":\"EntryPoint\",\"urlTemplate\":\"https:\/\/wramkiinasciane.pl\/?s={search_term_string}\"},\"query-input\":{\"@type\":\"PropertyValueSpecification\",\"valueRequired\":true,\"valueName\":\"search_term_string\"}}],\"inLanguage\":\"pl-PL\"},{\"@type\":\"Organization\",\"@id\":\"https:\/\/wramkiinasciane.pl\/#organization\",\"name\":\"W ramki i na \u015bcian\u0119\",\"url\":\"https:\/\/wramkiinasciane.pl\/\",\"logo\":{\"@type\":\"ImageObject\",\"inLanguage\":\"pl-PL\",\"@id\":\"https:\/\/wramkiinasciane.pl\/#\/schema\/logo\/image\/\",\"url\":\"https:\/\/wramkiinasciane.pl\/wp-content\/uploads\/2020\/07\/nasze-logo.jpg\",\"contentUrl\":\"https:\/\/wramkiinasciane.pl\/wp-content\/uploads\/2020\/07\/nasze-logo.jpg\",\"width\":1270,\"height\":1005,\"caption\":\"W ramki i na \u015bcian\u0119\"},\"image\":{\"@id\":\"https:\/\/wramkiinasciane.pl\/#\/schema\/logo\/image\/\"},\"sameAs\":[\"https:\/\/www.facebook.com\/W-ramki-i-na-\u015bcian\u0119-110733677416536\",\"https:\/\/www.instagram.com\/w_ramki_i_na_sciane\/\"]}]}<\/script>\n<!-- \/ Yoast SEO plugin. -->","yoast_head_json":{"title":"El\u017cbieta Wasiuczy\u0144ska 01\"Czarnuszka\" - W ramki i na \u015bcian\u0119","robots":{"index":"index","follow":"follow","max-snippet":"max-snippet:-1","max-image-preview":"max-image-preview:large","max-video-preview":"max-video-preview:-1"},"canonical":"https:\/\/wramkiinasciane.pl\/index.php\/product\/elzbieta-wasiuczynska-01-czarnuszka\/","og_locale":"pl_PL","og_type":"article","og_title":"El\u017cbieta Wasiuczy\u0144ska 01\"Czarnuszka\" - W ramki i na \u015bcian\u0119","og_description":"Wysokiej jako\u015bci wydruk\u00a0\u00a0bez oprawy\u00a0dost\u0119pny w trzech rozmiarach","og_url":"https:\/\/wramkiinasciane.pl\/index.php\/product\/elzbieta-wasiuczynska-01-czarnuszka\/","og_site_name":"W ramki i na \u015bcian\u0119","article_publisher":"https:\/\/www.facebook.com\/W-ramki-i-na-%c5%9bcian%c4%99-110733677416536","article_modified_time":"2024-12-05T12:28:45+00:00","og_image":[{"width":850,"height":1134,"url":"https:\/\/wramkiinasciane.pl\/wp-content\/uploads\/2022\/09\/czarnuszka-30x40_SolutionVelvet-kopia.jpg","type":"image\/jpeg"}],"twitter_card":"summary_large_image","twitter_misc":{"Szacowany czas czytania":"1 minuta"},"schema":{"@context":"https:\/\/schema.org","@graph":[{"@type":"WebPage","@id":"https:\/\/wramkiinasciane.pl\/index.php\/product\/elzbieta-wasiuczynska-01-czarnuszka\/","url":"https:\/\/wramkiinasciane.pl\/index.php\/product\/elzbieta-wasiuczynska-01-czarnuszka\/","name":"El\u017cbieta Wasiuczy\u0144ska 01\"Czarnuszka\" - W ramki i na \u015bcian\u0119","isPartOf":{"@id":"https:\/\/wramkiinasciane.pl\/#website"},"primaryImageOfPage":{"@id":"https:\/\/wramkiinasciane.pl\/index.php\/product\/elzbieta-wasiuczynska-01-czarnuszka\/#primaryimage"},"image":{"@id":"https:\/\/wramkiinasciane.pl\/index.php\/product\/elzbieta-wasiuczynska-01-czarnuszka\/#primaryimage"},"thumbnailUrl":"https:\/\/wramkiinasciane.pl\/wp-content\/uploads\/2022\/09\/czarnuszka-30x40_SolutionVelvet-kopia.jpg","datePublished":"2022-09-10T08:05:20+00:00","dateModified":"2024-12-05T12:28:45+00:00","breadcrumb":{"@id":"https:\/\/wramkiinasciane.pl\/index.php\/product\/elzbieta-wasiuczynska-01-czarnuszka\/#breadcrumb"},"inLanguage":"pl-PL","potentialAction":[{"@type":"ReadAction","target":["https:\/\/wramkiinasciane.pl\/index.php\/product\/elzbieta-wasiuczynska-01-czarnuszka\/"]}]},{"@type":"ImageObject","inLanguage":"pl-PL","@id":"https:\/\/wramkiinasciane.pl\/index.php\/product\/elzbieta-wasiuczynska-01-czarnuszka\/#primaryimage","url":"https:\/\/wramkiinasciane.pl\/wp-content\/uploads\/2022\/09\/czarnuszka-30x40_SolutionVelvet-kopia.jpg","contentUrl":"https:\/\/wramkiinasciane.pl\/wp-content\/uploads\/2022\/09\/czarnuszka-30x40_SolutionVelvet-kopia.jpg","width":850,"height":1134},{"@type":"BreadcrumbList","@id":"https:\/\/wramkiinasciane.pl\/index.php\/product\/elzbieta-wasiuczynska-01-czarnuszka\/#breadcrumb","itemListElement":[{"@type":"ListItem","position":1,"name":"Strona g\u0142\u00f3wna","item":"https:\/\/wramkiinasciane.pl\/"},{"@type":"ListItem","position":2,"name":"Sklep","item":"https:\/\/wramkiinasciane.pl\/index.php\/sklep\/"},{"@type":"ListItem","position":3,"name":"El\u017cbieta Wasiuczy\u0144ska 01&#8243;Czarnuszka&#8221;"}]},{"@type":"WebSite","@id":"https:\/\/wramkiinasciane.pl\/#website","url":"https:\/\/wramkiinasciane.pl\/","name":"W ramki i na \u015bcian\u0119","description":"Just another WordPress site","publisher":{"@id":"https:\/\/wramkiinasciane.pl\/#organization"},"potentialAction":[{"@type":"SearchAction","target":{"@type":"EntryPoint","urlTemplate":"https:\/\/wramkiinasciane.pl\/?s={search_term_string}"},"query-input":{"@type":"PropertyValueSpecification","valueRequired":true,"valueName":"search_term_string"}}],"inLanguage":"pl-PL"},{"@type":"Organization","@id":"https:\/\/wramkiinasciane.pl\/#organization","name":"W ramki i na \u015bcian\u0119","url":"https:\/\/wramkiinasciane.pl\/","logo":{"@type":"ImageObject","inLanguage":"pl-PL","@id":"https:\/\/wramkiinasciane.pl\/#\/schema\/logo\/image\/","url":"https:\/\/wramkiinasciane.pl\/wp-content\/uploads\/2020\/07\/nasze-logo.jpg","contentUrl":"https:\/\/wramkiinasciane.pl\/wp-content\/uploads\/2020\/07\/nasze-logo.jpg","width":1270,"height":1005,"caption":"W ramki i na \u015bcian\u0119"},"image":{"@id":"https:\/\/wramkiinasciane.pl\/#\/schema\/logo\/image\/"},"sameAs":["https:\/\/www.facebook.com\/W-ramki-i-na-\u015bcian\u0119-110733677416536","https:\/\/www.instagram.com\/w_ramki_i_na_sciane\/"]}]}},"jetpack_sharing_enabled":true,"_links":{"self":[{"href":"https:\/\/wramkiinasciane.pl\/index.php\/wp-json\/wp\/v2\/product\/6101"}],"collection":[{"href":"https:\/\/wramkiinasciane.pl\/index.php\/wp-json\/wp\/v2\/product"}],"about":[{"href":"https:\/\/wramkiinasciane.pl\/index.php\/wp-json\/wp\/v2\/types\/product"}],"version-history":[{"count":4,"href":"https:\/\/wramkiinasciane.pl\/index.php\/wp-json\/wp\/v2\/product\/6101\/revisions"}],"predecessor-version":[{"id":6124,"href":"https:\/\/wramkiinasciane.pl\/index.php\/wp-json\/wp\/v2\/product\/6101\/revisions\/6124"}],"wp:featuredmedia":[{"embeddable":true,"href":"https:\/\/wramkiinasciane.pl\/index.php\/wp-json\/wp\/v2\/media\/6047"}],"wp:attachment":[{"href":"https:\/\/wramkiinasciane.pl\/index.php\/wp-json\/wp\/v2\/media?parent=6101"}],"wp:term":[{"taxonomy":"product_brand","embeddable":true,"href":"https:\/\/wramkiinasciane.pl\/index.php\/wp-json\/wp\/v2\/product_brand?post=6101"},{"taxonomy":"product_cat","embeddable":true,"href":"https:\/\/wramkiinasciane.pl\/index.php\/wp-json\/wp\/v2\/product_cat?post=6101"},{"taxonomy":"product_tag","embeddable":true,"href":"https:\/\/wramkiinasciane.pl\/index.php\/wp-json\/wp\/v2\/product_tag?post=6101"}],"curies":[{"name":"wp","href":"https:\/\/api.w.org\/{rel}","templated":true}]}}