{"id":4620,"date":"2021-01-26T18:33:35","date_gmt":"2021-01-26T18:33:35","guid":{"rendered":"https:\/\/wramkiinasciane.pl\/?post_type=product&#038;p=4620"},"modified":"2025-10-15T17:31:19","modified_gmt":"2025-10-15T17:31:19","slug":"016-jona-jung-magiczne-eliksiry","status":"publish","type":"product","link":"https:\/\/wramkiinasciane.pl\/index.php\/product\/016-jona-jung-magiczne-eliksiry\/","title":{"rendered":"Jona Jung 20.&#8221;Magiczne eliksiry&#8221;"},"content":{"rendered":"<p>Ilustracja do ksi\u0105\u017cki Roksany J\u0119drzejewskiej-Wr\u00f3bel &#8222;Pracownia Aurory&#8221;,<\/p>\n<p>Wydawnictwo Bajka<\/p>\n<p>Wysokiej jako\u015bci wydruk na papierze Tecco Professional Matt 230g. <strong>bez oprawy<\/strong><\/p>\n<p>Wymiary: 50\u00d770 cm.<\/p>\n","protected":false},"excerpt":{"rendered":"<p>Ilustracja do ksi\u0105\u017cki Roksany J\u0119drzejewskiej-Wr\u00f3bel &#8222;Pracownia Aurory&#8221;, Wydawnictwo Bajka Wysokiej jako\u015bci wydruk na papierze Tecco Professional Matt 230g. bez oprawy Wymiary: 50\u00d770 cm.<\/p>\n","protected":false},"featured_media":4621,"template":"","meta":{"site-sidebar-layout":"default","site-content-layout":"default","ast-site-content-layout":"","site-content-style":"default","site-sidebar-style":"default","ast-global-header-display":"","ast-banner-title-visibility":"","ast-main-header-display":"","ast-hfb-above-header-display":"","ast-hfb-below-header-display":"","ast-hfb-mobile-header-display":"","site-post-title":"","ast-breadcrumbs-content":"","ast-featured-img":"","footer-sml-layout":"","theme-transparent-header-meta":"default","adv-header-id-meta":"","stick-header-meta":"","header-above-stick-meta":"","header-main-stick-meta":"","header-below-stick-meta":"","astra-migrate-meta-layouts":"default","ast-page-background-enabled":"default","ast-page-background-meta":{"desktop":{"background-color":"","background-image":"","background-repeat":"repeat","background-position":"center center","background-size":"auto","background-attachment":"scroll","background-type":"","background-media":"","overlay-type":"","overlay-color":"","overlay-opacity":"","overlay-gradient":""},"tablet":{"background-color":"","background-image":"","background-repeat":"repeat","background-position":"center center","background-size":"auto","background-attachment":"scroll","background-type":"","background-media":"","overlay-type":"","overlay-color":"","overlay-opacity":"","overlay-gradient":""},"mobile":{"background-color":"","background-image":"","background-repeat":"repeat","background-position":"center center","background-size":"auto","background-attachment":"scroll","background-type":"","background-media":"","overlay-type":"","overlay-color":"","overlay-opacity":"","overlay-gradient":""}},"ast-content-background-meta":{"desktop":{"background-color":"var(--ast-global-color-5)","background-image":"","background-repeat":"repeat","background-position":"center center","background-size":"auto","background-attachment":"scroll","background-type":"","background-media":"","overlay-type":"","overlay-color":"","overlay-opacity":"","overlay-gradient":""},"tablet":{"background-color":"var(--ast-global-color-5)","background-image":"","background-repeat":"repeat","background-position":"center center","background-size":"auto","background-attachment":"scroll","background-type":"","background-media":"","overlay-type":"","overlay-color":"","overlay-opacity":"","overlay-gradient":""},"mobile":{"background-color":"var(--ast-global-color-5)","background-image":"","background-repeat":"repeat","background-position":"center center","background-size":"auto","background-attachment":"scroll","background-type":"","background-media":"","overlay-type":"","overlay-color":"","overlay-opacity":"","overlay-gradient":""}}},"product_brand":[],"product_cat":[99],"product_tag":[],"class_list":{"0":"post-4620","1":"product","2":"type-product","3":"status-publish","4":"has-post-thumbnail","6":"product_cat-plakat","7":"desktop-align-left","8":"tablet-align-left","9":"mobile-align-left","11":"first","12":"instock","13":"shipping-taxable","14":"purchasable","15":"product-type-simple"},"yoast_head":"<!-- This site is optimized with the Yoast SEO plugin v25.6 - https:\/\/yoast.com\/wordpress\/plugins\/seo\/ -->\n<title>Jona Jung 20.&quot;Magiczne eliksiry&quot; - W ramki i na \u015bcian\u0119<\/title>\n<meta name=\"robots\" content=\"index, follow, max-snippet:-1, max-image-preview:large, max-video-preview:-1\" \/>\n<link rel=\"canonical\" href=\"https:\/\/wramkiinasciane.pl\/index.php\/product\/016-jona-jung-magiczne-eliksiry\/\" \/>\n<meta property=\"og:locale\" content=\"pl_PL\" \/>\n<meta property=\"og:type\" content=\"article\" \/>\n<meta property=\"og:title\" content=\"Jona Jung 20.&quot;Magiczne eliksiry&quot; - W ramki i na \u015bcian\u0119\" \/>\n<meta property=\"og:description\" content=\"Ilustracja do ksi\u0105\u017cki Roksany J\u0119drzejewskiej-Wr\u00f3bel &#8222;Pracownia Aurory&#8221;, Wydawnictwo Bajka Wysokiej jako\u015bci wydruk na papierze Tecco Professional Matt 230g. bez oprawy Wymiary: 50\u00d770 cm.\" \/>\n<meta property=\"og:url\" content=\"https:\/\/wramkiinasciane.pl\/index.php\/product\/016-jona-jung-magiczne-eliksiry\/\" \/>\n<meta property=\"og:site_name\" content=\"W ramki i na \u015bcian\u0119\" \/>\n<meta property=\"article:publisher\" content=\"https:\/\/www.facebook.com\/W-ramki-i-na-%c5%9bcian%c4%99-110733677416536\" \/>\n<meta property=\"article:modified_time\" content=\"2025-10-15T17:31:19+00:00\" \/>\n<meta property=\"og:image\" content=\"https:\/\/wramkiinasciane.pl\/wp-content\/uploads\/2021\/01\/41.jpg\" \/>\n\t<meta property=\"og:image:width\" content=\"1446\" \/>\n\t<meta property=\"og:image:height\" content=\"2013\" \/>\n\t<meta property=\"og:image:type\" content=\"image\/jpeg\" \/>\n<meta name=\"twitter:card\" content=\"summary_large_image\" \/>\n<script type=\"application\/ld+json\" class=\"yoast-schema-graph\">{\"@context\":\"https:\/\/schema.org\",\"@graph\":[{\"@type\":\"WebPage\",\"@id\":\"https:\/\/wramkiinasciane.pl\/index.php\/product\/016-jona-jung-magiczne-eliksiry\/\",\"url\":\"https:\/\/wramkiinasciane.pl\/index.php\/product\/016-jona-jung-magiczne-eliksiry\/\",\"name\":\"Jona Jung 20.\\\"Magiczne eliksiry\\\" - W ramki i na \u015bcian\u0119\",\"isPartOf\":{\"@id\":\"https:\/\/wramkiinasciane.pl\/#website\"},\"primaryImageOfPage\":{\"@id\":\"https:\/\/wramkiinasciane.pl\/index.php\/product\/016-jona-jung-magiczne-eliksiry\/#primaryimage\"},\"image\":{\"@id\":\"https:\/\/wramkiinasciane.pl\/index.php\/product\/016-jona-jung-magiczne-eliksiry\/#primaryimage\"},\"thumbnailUrl\":\"https:\/\/wramkiinasciane.pl\/wp-content\/uploads\/2021\/01\/41.jpg\",\"datePublished\":\"2021-01-26T18:33:35+00:00\",\"dateModified\":\"2025-10-15T17:31:19+00:00\",\"breadcrumb\":{\"@id\":\"https:\/\/wramkiinasciane.pl\/index.php\/product\/016-jona-jung-magiczne-eliksiry\/#breadcrumb\"},\"inLanguage\":\"pl-PL\",\"potentialAction\":[{\"@type\":\"ReadAction\",\"target\":[\"https:\/\/wramkiinasciane.pl\/index.php\/product\/016-jona-jung-magiczne-eliksiry\/\"]}]},{\"@type\":\"ImageObject\",\"inLanguage\":\"pl-PL\",\"@id\":\"https:\/\/wramkiinasciane.pl\/index.php\/product\/016-jona-jung-magiczne-eliksiry\/#primaryimage\",\"url\":\"https:\/\/wramkiinasciane.pl\/wp-content\/uploads\/2021\/01\/41.jpg\",\"contentUrl\":\"https:\/\/wramkiinasciane.pl\/wp-content\/uploads\/2021\/01\/41.jpg\",\"width\":1446,\"height\":2013},{\"@type\":\"BreadcrumbList\",\"@id\":\"https:\/\/wramkiinasciane.pl\/index.php\/product\/016-jona-jung-magiczne-eliksiry\/#breadcrumb\",\"itemListElement\":[{\"@type\":\"ListItem\",\"position\":1,\"name\":\"Strona g\u0142\u00f3wna\",\"item\":\"https:\/\/wramkiinasciane.pl\/\"},{\"@type\":\"ListItem\",\"position\":2,\"name\":\"Sklep\",\"item\":\"https:\/\/wramkiinasciane.pl\/index.php\/sklep\/\"},{\"@type\":\"ListItem\",\"position\":3,\"name\":\"Jona Jung 20.&#8221;Magiczne eliksiry&#8221;\"}]},{\"@type\":\"WebSite\",\"@id\":\"https:\/\/wramkiinasciane.pl\/#website\",\"url\":\"https:\/\/wramkiinasciane.pl\/\",\"name\":\"W ramki i na \u015bcian\u0119\",\"description\":\"Just another WordPress site\",\"publisher\":{\"@id\":\"https:\/\/wramkiinasciane.pl\/#organization\"},\"potentialAction\":[{\"@type\":\"SearchAction\",\"target\":{\"@type\":\"EntryPoint\",\"urlTemplate\":\"https:\/\/wramkiinasciane.pl\/?s={search_term_string}\"},\"query-input\":{\"@type\":\"PropertyValueSpecification\",\"valueRequired\":true,\"valueName\":\"search_term_string\"}}],\"inLanguage\":\"pl-PL\"},{\"@type\":\"Organization\",\"@id\":\"https:\/\/wramkiinasciane.pl\/#organization\",\"name\":\"W ramki i na \u015bcian\u0119\",\"url\":\"https:\/\/wramkiinasciane.pl\/\",\"logo\":{\"@type\":\"ImageObject\",\"inLanguage\":\"pl-PL\",\"@id\":\"https:\/\/wramkiinasciane.pl\/#\/schema\/logo\/image\/\",\"url\":\"https:\/\/wramkiinasciane.pl\/wp-content\/uploads\/2020\/07\/nasze-logo.jpg\",\"contentUrl\":\"https:\/\/wramkiinasciane.pl\/wp-content\/uploads\/2020\/07\/nasze-logo.jpg\",\"width\":1270,\"height\":1005,\"caption\":\"W ramki i na \u015bcian\u0119\"},\"image\":{\"@id\":\"https:\/\/wramkiinasciane.pl\/#\/schema\/logo\/image\/\"},\"sameAs\":[\"https:\/\/www.facebook.com\/W-ramki-i-na-\u015bcian\u0119-110733677416536\",\"https:\/\/www.instagram.com\/w_ramki_i_na_sciane\/\"]}]}<\/script>\n<!-- \/ Yoast SEO plugin. -->","yoast_head_json":{"title":"Jona Jung 20.\"Magiczne eliksiry\" - W ramki i na \u015bcian\u0119","robots":{"index":"index","follow":"follow","max-snippet":"max-snippet:-1","max-image-preview":"max-image-preview:large","max-video-preview":"max-video-preview:-1"},"canonical":"https:\/\/wramkiinasciane.pl\/index.php\/product\/016-jona-jung-magiczne-eliksiry\/","og_locale":"pl_PL","og_type":"article","og_title":"Jona Jung 20.\"Magiczne eliksiry\" - W ramki i na \u015bcian\u0119","og_description":"Ilustracja do ksi\u0105\u017cki Roksany J\u0119drzejewskiej-Wr\u00f3bel &#8222;Pracownia Aurory&#8221;, Wydawnictwo Bajka Wysokiej jako\u015bci wydruk na papierze Tecco Professional Matt 230g. bez oprawy Wymiary: 50\u00d770 cm.","og_url":"https:\/\/wramkiinasciane.pl\/index.php\/product\/016-jona-jung-magiczne-eliksiry\/","og_site_name":"W ramki i na \u015bcian\u0119","article_publisher":"https:\/\/www.facebook.com\/W-ramki-i-na-%c5%9bcian%c4%99-110733677416536","article_modified_time":"2025-10-15T17:31:19+00:00","og_image":[{"width":1446,"height":2013,"url":"https:\/\/wramkiinasciane.pl\/wp-content\/uploads\/2021\/01\/41.jpg","type":"image\/jpeg"}],"twitter_card":"summary_large_image","schema":{"@context":"https:\/\/schema.org","@graph":[{"@type":"WebPage","@id":"https:\/\/wramkiinasciane.pl\/index.php\/product\/016-jona-jung-magiczne-eliksiry\/","url":"https:\/\/wramkiinasciane.pl\/index.php\/product\/016-jona-jung-magiczne-eliksiry\/","name":"Jona Jung 20.\"Magiczne eliksiry\" - W ramki i na \u015bcian\u0119","isPartOf":{"@id":"https:\/\/wramkiinasciane.pl\/#website"},"primaryImageOfPage":{"@id":"https:\/\/wramkiinasciane.pl\/index.php\/product\/016-jona-jung-magiczne-eliksiry\/#primaryimage"},"image":{"@id":"https:\/\/wramkiinasciane.pl\/index.php\/product\/016-jona-jung-magiczne-eliksiry\/#primaryimage"},"thumbnailUrl":"https:\/\/wramkiinasciane.pl\/wp-content\/uploads\/2021\/01\/41.jpg","datePublished":"2021-01-26T18:33:35+00:00","dateModified":"2025-10-15T17:31:19+00:00","breadcrumb":{"@id":"https:\/\/wramkiinasciane.pl\/index.php\/product\/016-jona-jung-magiczne-eliksiry\/#breadcrumb"},"inLanguage":"pl-PL","potentialAction":[{"@type":"ReadAction","target":["https:\/\/wramkiinasciane.pl\/index.php\/product\/016-jona-jung-magiczne-eliksiry\/"]}]},{"@type":"ImageObject","inLanguage":"pl-PL","@id":"https:\/\/wramkiinasciane.pl\/index.php\/product\/016-jona-jung-magiczne-eliksiry\/#primaryimage","url":"https:\/\/wramkiinasciane.pl\/wp-content\/uploads\/2021\/01\/41.jpg","contentUrl":"https:\/\/wramkiinasciane.pl\/wp-content\/uploads\/2021\/01\/41.jpg","width":1446,"height":2013},{"@type":"BreadcrumbList","@id":"https:\/\/wramkiinasciane.pl\/index.php\/product\/016-jona-jung-magiczne-eliksiry\/#breadcrumb","itemListElement":[{"@type":"ListItem","position":1,"name":"Strona g\u0142\u00f3wna","item":"https:\/\/wramkiinasciane.pl\/"},{"@type":"ListItem","position":2,"name":"Sklep","item":"https:\/\/wramkiinasciane.pl\/index.php\/sklep\/"},{"@type":"ListItem","position":3,"name":"Jona Jung 20.&#8221;Magiczne eliksiry&#8221;"}]},{"@type":"WebSite","@id":"https:\/\/wramkiinasciane.pl\/#website","url":"https:\/\/wramkiinasciane.pl\/","name":"W ramki i na \u015bcian\u0119","description":"Just another WordPress site","publisher":{"@id":"https:\/\/wramkiinasciane.pl\/#organization"},"potentialAction":[{"@type":"SearchAction","target":{"@type":"EntryPoint","urlTemplate":"https:\/\/wramkiinasciane.pl\/?s={search_term_string}"},"query-input":{"@type":"PropertyValueSpecification","valueRequired":true,"valueName":"search_term_string"}}],"inLanguage":"pl-PL"},{"@type":"Organization","@id":"https:\/\/wramkiinasciane.pl\/#organization","name":"W ramki i na \u015bcian\u0119","url":"https:\/\/wramkiinasciane.pl\/","logo":{"@type":"ImageObject","inLanguage":"pl-PL","@id":"https:\/\/wramkiinasciane.pl\/#\/schema\/logo\/image\/","url":"https:\/\/wramkiinasciane.pl\/wp-content\/uploads\/2020\/07\/nasze-logo.jpg","contentUrl":"https:\/\/wramkiinasciane.pl\/wp-content\/uploads\/2020\/07\/nasze-logo.jpg","width":1270,"height":1005,"caption":"W ramki i na \u015bcian\u0119"},"image":{"@id":"https:\/\/wramkiinasciane.pl\/#\/schema\/logo\/image\/"},"sameAs":["https:\/\/www.facebook.com\/W-ramki-i-na-\u015bcian\u0119-110733677416536","https:\/\/www.instagram.com\/w_ramki_i_na_sciane\/"]}]}},"jetpack_sharing_enabled":true,"_links":{"self":[{"href":"https:\/\/wramkiinasciane.pl\/index.php\/wp-json\/wp\/v2\/product\/4620"}],"collection":[{"href":"https:\/\/wramkiinasciane.pl\/index.php\/wp-json\/wp\/v2\/product"}],"about":[{"href":"https:\/\/wramkiinasciane.pl\/index.php\/wp-json\/wp\/v2\/types\/product"}],"version-history":[{"count":5,"href":"https:\/\/wramkiinasciane.pl\/index.php\/wp-json\/wp\/v2\/product\/4620\/revisions"}],"predecessor-version":[{"id":5165,"href":"https:\/\/wramkiinasciane.pl\/index.php\/wp-json\/wp\/v2\/product\/4620\/revisions\/5165"}],"wp:featuredmedia":[{"embeddable":true,"href":"https:\/\/wramkiinasciane.pl\/index.php\/wp-json\/wp\/v2\/media\/4621"}],"wp:attachment":[{"href":"https:\/\/wramkiinasciane.pl\/index.php\/wp-json\/wp\/v2\/media?parent=4620"}],"wp:term":[{"taxonomy":"product_brand","embeddable":true,"href":"https:\/\/wramkiinasciane.pl\/index.php\/wp-json\/wp\/v2\/product_brand?post=4620"},{"taxonomy":"product_cat","embeddable":true,"href":"https:\/\/wramkiinasciane.pl\/index.php\/wp-json\/wp\/v2\/product_cat?post=4620"},{"taxonomy":"product_tag","embeddable":true,"href":"https:\/\/wramkiinasciane.pl\/index.php\/wp-json\/wp\/v2\/product_tag?post=4620"}],"curies":[{"name":"wp","href":"https:\/\/api.w.org\/{rel}","templated":true}]}}